{"id":8375,"date":"2025-03-27T08:45:14","date_gmt":"2025-03-27T07:45:14","guid":{"rendered":"https:\/\/restaurants.pizzahut.lu\/datenschutzrichtlinie\/"},"modified":"2025-03-27T15:47:43","modified_gmt":"2025-03-27T14:47:43","slug":"datenschutzrichtlinie","status":"publish","type":"page","link":"https:\/\/restaurants.pizzahut.lu\/de\/datenschutzrichtlinie\/","title":{"rendered":"Datenschutzrichtlinie"},"content":{"rendered":"\n<div class=\"wp-block-columns is-layout-flex wp-container-core-columns-is-layout-28f84493 wp-block-columns-is-layout-flex\">\n<div class=\"wp-block-column is-layout-flow wp-block-column-is-layout-flow\">\n<h2 class=\"wp-block-heading\">Allgemeines<\/h2>\n\n\n\n<p>Diese Website speichert und verarbeitet Daten ausschlie\u00dflich in \u00dcbereinstimmung mit der Allgemeinen Europ\u00e4ischen Datenschutzverordnung (GDPR).<\/p>\n\n\n\n<p>Als Nutzer erkl\u00e4ren Sie sich mit der Datenverarbeitung im Sinne dieser Erkl\u00e4rung einverstanden. Die aktuelle Version der DSGVO finden Sie unter folgender Adresse: https:\/\/eur-lex.europa.eu\/legal-content\/FR\/TXT\/?uri=CELEX%3A32016R0679 <\/p>\n\n\n\n<p>Die hier beschriebenen Datenschutzbestimmungen gelten nur f\u00fcr diese Website www.pizzahut.lu.<\/p>\n\n\n\n<p>Wenn Sie \u00fcber Links auf unseren Seiten zu anderen Websites weitergeleitet werden, informieren Sie sich bitte direkt auf der weitergeleiteten Website \u00fcber die jeweilige Verarbeitung Ihrer Daten.<\/p>\n\n\n\n<p>Wir verarbeiten Ihre pers\u00f6nlichen Daten (z.B. Name, Adresse, E-Mail-Adresse, Telefonnummer usw.) ausschlie\u00dflich in \u00dcbereinstimmung mit den Bestimmungen der europ\u00e4ischen Datenschutzgesetzgebung (EU Nr. 679\/2016 vom 27. April 2016).<\/p>\n\n\n\n<p>Wir weisen darauf hin, dass die Daten\u00fcbertragung im Internet (z.B. bei der Kommunikation per E-Mail oder \u00fcber unverschl\u00fcsselte Webseiten) Sicherheitsl\u00fccken aufweisen kann. Ein l\u00fcckenloser Schutz der Daten vor dem Zugriff durch Dritte ist dann nicht m\u00f6glich. <\/p>\n\n\n\n<p>Diese Website verwendet aus Sicherheitsgr\u00fcnden und zum Schutz der \u00dcbertragung vertraulicher Informationen, insbesondere der gesendeten Antr\u00e4ge, die SSL-Verschl\u00fcsselung. Sie erkennen eine verschl\u00fcsselte Verbindung an dem Schlosssymbol in Ihrem Browser. Die Daten, die Sie uns \u00fcbermitteln, k\u00f6nnen daher nicht von Dritten gelesen werden.  <\/p>\n<\/div>\n\n\n\n<div class=\"wp-block-column is-layout-flow wp-block-column-is-layout-flow\">\n<h2 class=\"wp-block-heading\">Erfasste und verarbeitete pers\u00f6nliche Daten<\/h2>\n\n\n\n<p>Personenbezogene Daten sind alle Informationen \u00fcber eine identifizierte oder identifizierbare nat\u00fcrliche Person (betroffene Person); als identifizierbar wird eine Person angesehen, die direkt oder indirekt identifiziert werden kann, insbesondere durch Zuordnung zu einem Namen, einer Identifikationsnummer oder zu einem oder mehreren spezifischen Elementen, die Ausdruck ihrer physischen, physiologischen, genetischen, psychischen, wirtschaftlichen, kulturellen oder sozialen Identit\u00e4t sind.<\/p>\n\n\n\n<p>Pizza Hut by La Varenne sammelt pers\u00f6nliche Daten, die Sie uns \u00fcber unsere Website (www.pizzahut.lu) f\u00fcr eine Kontaktanfrage, die Anmeldung f\u00fcr den Newsletter, die Teilnahme an Gewinnspielen und die \u00dcbermittlung Ihrer Bewerbung auf ein Stellenangebot zur Verf\u00fcgung gestellt haben.<\/p>\n\n\n\n<p>Wenn Sie uns per Kontaktformular Anfragen zukommen lassen, werden Ihre Angaben aus dem entsprechenden Anfrageformular inklusive der von Ihnen dort angegebenen Kontaktdaten zwecks Bearbeitung der Anfrage und f\u00fcr den Fall von Anschlussfragen in unserem CRM-System gespeichert. Die weitere Verarbeitung erfolgt intern. Die Daten werden nur intern verarbeitet und nicht weitergegeben. Die Daten werden nach 13 Monaten gel\u00f6scht oder anonymisiert.   <\/p>\n\n\n\n<p>Pizza Hut by La Varenne verwendet Google Analytics, einen Webanalysedienst von Google Inc.<\/p>\n\n\n\n<p>In diesem Zusammenhang werden anonymisierte Nutzerprofile erstellt und Cookies verwendet. Die von den Cookies erzeugten Informationen \u00fcber Ihre Nutzung unserer Websites werden zur Speicherung an einen der Server von Google weitergeleitet. <\/p>\n\n\n\n<p>Die Integration von Google-Diensten erm\u00f6glicht es Google manchmal, Informationen (einschlie\u00dflich personenbezogener Daten) zu sammeln und zu verarbeiten. Wir k\u00f6nnen nicht kontrollieren, welche Informationen von Google gesammelt und verarbeitet werden. Lesen Sie diesbez\u00fcglich die Datenschutzrichtlinie von Google: https:\/\/policies.google.com\/privacy?hl=fr-CA  <\/p>\n\n\n\n<p>Weitere Informationen zum Datenschutz in Bezug auf Google Analytics finden Sie auf der Google Analytics Support-Seite: https:\/\/support.google.com\/analytics\/?hl=fr#topic=3544906<\/p>\n<\/div>\n<\/div>\n\n<div class=\"wp-block-columns is-layout-flex wp-container-core-columns-is-layout-28f84493 wp-block-columns-is-layout-flex\">\n<div class=\"wp-block-column is-layout-flow wp-block-column-is-layout-flow\">\n<h2 class=\"wp-block-heading\">Recht auf Zugang, Berichtigung und Referenzierung Ihrer Daten<\/h2>\n\n\n\n<p>Gem\u00e4\u00df den geltenden Vorschriften \u00fcber personenbezogene Daten haben Sie die folgenden Rechte:<\/p>\n\n\n\n<p>Zugangsrecht: Sie k\u00f6nnen Ihr Zugangsrecht aus\u00fcben, um Ihre pers\u00f6nlichen Daten, die auf dieser Website gesammelt wurden, zu erfahren (indem Sie an die unten angegebene E-Mail-Adresse schreiben). In diesem Fall kann Pizza Hut by La Varenne vor der Aus\u00fcbung dieses Rechts einen Nachweis Ihrer Identit\u00e4t verlangen, um die Richtigkeit der Daten zu \u00fcberpr\u00fcfen; <\/p>\n\n\n\n<p>Recht auf Berichtigung: Wenn die gespeicherten personenbezogenen Daten nicht korrekt sind, k\u00f6nnen Sie eine Aktualisierung dieser Informationen verlangen.<\/p>\n\n\n\n<p>Recht auf L\u00f6schung von Daten: Sie k\u00f6nnen die L\u00f6schung Ihrer pers\u00f6nlichen Daten gem\u00e4\u00df den geltenden Datenschutzgesetzen verlangen.<\/p>\n\n\n\n<p>Recht auf Einschr\u00e4nkung der Verarbeitung: Sie k\u00f6nnen beantragen, dass die Verarbeitung Ihrer personenbezogenen Daten gem\u00e4\u00df den in der DSGVO vorgesehenen Annahmen eingeschr\u00e4nkt wird;<\/p>\n\n\n\n<p>Recht auf Widerspruch gegen die Verarbeitung von Daten: Sie k\u00f6nnen gegen die Verarbeitung Ihrer Daten gem\u00e4\u00df den in der DSGVO vorgesehenen Annahmen Widerspruch einlegen;<\/p>\n\n\n\n<p>Recht auf \u00dcbertragbarkeit: Sie k\u00f6nnen die Herausgabe\/\u00dcbertragung Ihrer pers\u00f6nlichen Daten verlangen.<\/p>\n\n\n\n<p>Diese verschiedenen Rechte k\u00f6nnen ausge\u00fcbt werden, indem Sie uns per E-Mail unter info@la-varenne.lu oder auf dem Postweg an folgende Adresse kontaktieren: 17 Route de Luxembourg, 6182 Gonderange.<\/p>\n\n\n\n<p>Jedem Antrag muss eine Fotokopie eines g\u00fcltigen und unterzeichneten Personalausweises beigef\u00fcgt werden und die Adresse enthalten, unter der Pizza Hut by La Varenne den Antragsteller kontaktieren kann. Die Antwort wird innerhalb eines Monats nach Eingang des Antrags erteilt. Diese Frist von einem Monat kann um zwei Monate verl\u00e4ngert werden, wenn dies aufgrund der Komplexit\u00e4t des Antrags und\/oder der Anzahl der Antr\u00e4ge erforderlich ist.  <\/p>\n<\/div>\n\n\n\n<div class=\"wp-block-column is-layout-flow wp-block-column-is-layout-flow\">\n<h2 class=\"wp-block-heading\">Politik der Datenaufbewahrung<\/h2>\n\n\n\n<p>Pizza Hut by La Varenne speichert Ihre Daten so lange, wie es notwendig ist, um Ihnen Dienstleistungen oder Unterst\u00fctzung zu bieten.<\/p>\n\n\n\n<h2 class=\"wp-block-heading\">Verwaltung und Unterbringung<\/h2>\n\n\n\n<p>Die Website www.pizzahut.lu wird von O2Switch gehostet, deren Hauptsitz sich in Chauss\u00e9e de Pardieux 63000 Clermont-Ferrand (Frankreich) befindet und die im Handelsregister von Frankreich unter der Nummer RCS 510 909 807 00032 registriert ist. <\/p>\n\n\n\n<h2 class=\"wp-block-heading\">Zugang und Inhalt der Website<\/h2>\n\n\n\n<p>Alle Fotografien, Texte, Illustrationen und Videos auf dieser Website sind durch die geltenden Gesetze zum Schutz geistigen Eigentums gesch\u00fctzt.<\/p>\n\n\n\n<p>Sie sind das vollst\u00e4ndige und uneingeschr\u00e4nkte Eigentum von Pizza Hut by La Varenne oder seinen Partnern. Die Vervielf\u00e4ltigung, Darstellung, Verwendung oder Anpassung in jeglicher Form von Teilen oder der Gesamtheit dieser Elemente ohne die vorherige schriftliche Genehmigung von Pizza Hut by La Varenne ist strengstens untersagt. <\/p>\n\n\n\n<h2 class=\"wp-block-heading\">Verantwortlichkeiten<\/h2>\n\n\n\n<p>Der Herausgeber kann nicht haftbar gemacht werden f\u00fcr Fehler, Pannen, Schwierigkeiten oder Betriebsunterbrechungen, die den Zugang zur Website oder zu einer ihrer Funktionen verhindern.<\/p>\n\n\n\n<p>Der Herausgeber haftet nicht f\u00fcr rechtliche Schritte gegen Sie:<\/p>\n\n\n\n<p>aufgrund der Nutzung der Website oder eines Dienstes \u00fcber das Internet<\/p>\n\n\n\n<p>aufgrund der Nichteinhaltung dieser Allgemeinen Gesch\u00e4ftsbedingungen durch Sie<\/p>\n\n\n\n<p>Der Herausgeber haftet nicht f\u00fcr Sch\u00e4den, die Ihnen, Dritten und\/oder Ihrer Ausr\u00fcstung durch Ihre Verbindung oder Nutzung der Website entstehen, und Sie verzichten auf jegliche Klage gegen ihn aus diesem Grund.<\/p>\n\n\n\n<p>Sollte der Herausgeber aufgrund Ihrer Nutzung der Website Gegenstand eines g\u00fctlichen oder gerichtlichen Verfahrens werden, kann er Sie f\u00fcr alle Sch\u00e4den, Betr\u00e4ge, Verurteilungen und Kosten, die sich aus diesem Verfahren ergeben k\u00f6nnten, in Anspruch nehmen.<\/p>\n\n\n\n<h2 class=\"wp-block-heading\">Kontaktieren Sie Pizza Hut by La Varenne<\/h2>\n\n\n\n<p>F\u00fcr Fragen, Informationen zu den auf der Website vorgestellten Produkten und Dienstleistungen oder zur Website selbst k\u00f6nnen Sie eine Nachricht an folgende E-Mail-Adresse senden: info@pizzahut.lu<\/p>\n<\/div>\n<\/div>\n","protected":false},"excerpt":{"rendered":"<p>Allgemeines Diese Website speichert und verarbeitet Daten ausschlie\u00dflich in \u00dcbereinstimmung mit der Allgemeinen Europ\u00e4ischen Datenschutzverordnung (GDPR). Als Nutzer erkl\u00e4ren Sie sich mit der Datenverarbeitung im Sinne dieser Erkl\u00e4rung einverstanden. Die aktuelle Version der DSGVO finden Sie unter folgender Adresse: https:\/\/eur-lex.europa.eu\/legal-content\/FR\/TXT\/?uri=CELEX%3A32016R0679 Die hier beschriebenen Datenschutzbestimmungen gelten nur f\u00fcr diese Website www.pizzahut.lu. Wenn Sie \u00fcber Links auf [&hellip;]<\/p>\n","protected":false},"author":2,"featured_media":0,"parent":0,"menu_order":0,"comment_status":"closed","ping_status":"closed","template":"","meta":{"_jet_sm_ready_style":"","_jet_sm_style":"","_jet_sm_controls_values":"","_jet_sm_fonts_collection":"","_jet_sm_fonts_links":"","footnotes":""},"class_list":["post-8375","page","type-page","status-publish","hentry"],"yoast_head":"<!-- This site is optimized with the Yoast SEO plugin v27.5 - https:\/\/yoast.com\/product\/yoast-seo-wordpress\/ -->\n<title>Datenschutzrichtlinie - Pizza Hut Luxembourg<\/title>\n<meta name=\"robots\" content=\"index, follow, max-snippet:-1, max-image-preview:large, max-video-preview:-1\" \/>\n<link rel=\"canonical\" href=\"https:\/\/restaurants.pizzahut.lu\/de\/datenschutzrichtlinie\/\" \/>\n<meta property=\"og:locale\" content=\"de_DE\" \/>\n<meta property=\"og:type\" content=\"article\" \/>\n<meta property=\"og:title\" content=\"Datenschutzrichtlinie - Pizza Hut Luxembourg\" \/>\n<meta property=\"og:description\" content=\"Allgemeines Diese Website speichert und verarbeitet Daten ausschlie\u00dflich in \u00dcbereinstimmung mit der Allgemeinen Europ\u00e4ischen Datenschutzverordnung (GDPR). Als Nutzer erkl\u00e4ren Sie sich mit der Datenverarbeitung im Sinne dieser Erkl\u00e4rung einverstanden. Die aktuelle Version der DSGVO finden Sie unter folgender Adresse: https:\/\/eur-lex.europa.eu\/legal-content\/FR\/TXT\/?uri=CELEX%3A32016R0679 Die hier beschriebenen Datenschutzbestimmungen gelten nur f\u00fcr diese Website www.pizzahut.lu. Wenn Sie \u00fcber Links auf [&hellip;]\" \/>\n<meta property=\"og:url\" content=\"https:\/\/restaurants.pizzahut.lu\/de\/datenschutzrichtlinie\/\" \/>\n<meta property=\"og:site_name\" content=\"Pizza Hut Luxembourg\" \/>\n<meta property=\"article:publisher\" content=\"https:\/\/www.facebook.com\/pizzahut.lu\" \/>\n<meta property=\"article:modified_time\" content=\"2025-03-27T14:47:43+00:00\" \/>\n<meta name=\"twitter:card\" content=\"summary_large_image\" \/>\n<meta name=\"twitter:label1\" content=\"Gesch\u00e4tzte Lesezeit\" \/>\n\t<meta name=\"twitter:data1\" content=\"5\u00a0Minuten\" \/>\n<script type=\"application\/ld+json\" class=\"yoast-schema-graph\">{\"@context\":\"https:\\\/\\\/schema.org\",\"@graph\":[{\"@type\":\"WebPage\",\"@id\":\"https:\\\/\\\/restaurants.pizzahut.lu\\\/de\\\/datenschutzrichtlinie\\\/\",\"url\":\"https:\\\/\\\/restaurants.pizzahut.lu\\\/de\\\/datenschutzrichtlinie\\\/\",\"name\":\"Datenschutzrichtlinie - Pizza Hut Luxembourg\",\"isPartOf\":{\"@id\":\"https:\\\/\\\/restaurants.pizzahut.lu\\\/de\\\/#website\"},\"datePublished\":\"2025-03-27T07:45:14+00:00\",\"dateModified\":\"2025-03-27T14:47:43+00:00\",\"breadcrumb\":{\"@id\":\"https:\\\/\\\/restaurants.pizzahut.lu\\\/de\\\/datenschutzrichtlinie\\\/#breadcrumb\"},\"inLanguage\":\"de\",\"potentialAction\":[{\"@type\":\"ReadAction\",\"target\":[\"https:\\\/\\\/restaurants.pizzahut.lu\\\/de\\\/datenschutzrichtlinie\\\/\"]}]},{\"@type\":\"BreadcrumbList\",\"@id\":\"https:\\\/\\\/restaurants.pizzahut.lu\\\/de\\\/datenschutzrichtlinie\\\/#breadcrumb\",\"itemListElement\":[{\"@type\":\"ListItem\",\"position\":1,\"name\":\"Accueil\",\"item\":\"https:\\\/\\\/restaurants.pizzahut.lu\\\/de\\\/\"},{\"@type\":\"ListItem\",\"position\":2,\"name\":\"Datenschutzrichtlinie\"}]},{\"@type\":\"WebSite\",\"@id\":\"https:\\\/\\\/restaurants.pizzahut.lu\\\/de\\\/#website\",\"url\":\"https:\\\/\\\/restaurants.pizzahut.lu\\\/de\\\/\",\"name\":\"Pizza Hut Luxembourg\",\"description\":\"No One Outpizzas the Hut\",\"publisher\":{\"@id\":\"https:\\\/\\\/restaurants.pizzahut.lu\\\/de\\\/#organization\"},\"potentialAction\":[{\"@type\":\"SearchAction\",\"target\":{\"@type\":\"EntryPoint\",\"urlTemplate\":\"https:\\\/\\\/restaurants.pizzahut.lu\\\/de\\\/?s={search_term_string}\"},\"query-input\":{\"@type\":\"PropertyValueSpecification\",\"valueRequired\":true,\"valueName\":\"search_term_string\"}}],\"inLanguage\":\"de\"},{\"@type\":\"Organization\",\"@id\":\"https:\\\/\\\/restaurants.pizzahut.lu\\\/de\\\/#organization\",\"name\":\"Pizza Hut Luxembourg\",\"url\":\"https:\\\/\\\/restaurants.pizzahut.lu\\\/de\\\/\",\"logo\":{\"@type\":\"ImageObject\",\"inLanguage\":\"de\",\"@id\":\"https:\\\/\\\/restaurants.pizzahut.lu\\\/de\\\/#\\\/schema\\\/logo\\\/image\\\/\",\"url\":\"https:\\\/\\\/restaurants.pizzahut.lu\\\/wp-content\\\/uploads\\\/2024\\\/08\\\/Pizza-Hut-Logo-Secondary-Dark.png\",\"contentUrl\":\"https:\\\/\\\/restaurants.pizzahut.lu\\\/wp-content\\\/uploads\\\/2024\\\/08\\\/Pizza-Hut-Logo-Secondary-Dark.png\",\"width\":650,\"height\":175,\"caption\":\"Pizza Hut Luxembourg\"},\"image\":{\"@id\":\"https:\\\/\\\/restaurants.pizzahut.lu\\\/de\\\/#\\\/schema\\\/logo\\\/image\\\/\"},\"sameAs\":[\"https:\\\/\\\/www.facebook.com\\\/pizzahut.lu\",\"https:\\\/\\\/www.instagram.com\\\/pizzahut.lu\"]}]}<\/script>\n<!-- \/ Yoast SEO plugin. -->","yoast_head_json":{"title":"Datenschutzrichtlinie - Pizza Hut Luxembourg","robots":{"index":"index","follow":"follow","max-snippet":"max-snippet:-1","max-image-preview":"max-image-preview:large","max-video-preview":"max-video-preview:-1"},"canonical":"https:\/\/restaurants.pizzahut.lu\/de\/datenschutzrichtlinie\/","og_locale":"de_DE","og_type":"article","og_title":"Datenschutzrichtlinie - Pizza Hut Luxembourg","og_description":"Allgemeines Diese Website speichert und verarbeitet Daten ausschlie\u00dflich in \u00dcbereinstimmung mit der Allgemeinen Europ\u00e4ischen Datenschutzverordnung (GDPR). Als Nutzer erkl\u00e4ren Sie sich mit der Datenverarbeitung im Sinne dieser Erkl\u00e4rung einverstanden. Die aktuelle Version der DSGVO finden Sie unter folgender Adresse: https:\/\/eur-lex.europa.eu\/legal-content\/FR\/TXT\/?uri=CELEX%3A32016R0679 Die hier beschriebenen Datenschutzbestimmungen gelten nur f\u00fcr diese Website www.pizzahut.lu. Wenn Sie \u00fcber Links auf [&hellip;]","og_url":"https:\/\/restaurants.pizzahut.lu\/de\/datenschutzrichtlinie\/","og_site_name":"Pizza Hut Luxembourg","article_publisher":"https:\/\/www.facebook.com\/pizzahut.lu","article_modified_time":"2025-03-27T14:47:43+00:00","twitter_card":"summary_large_image","twitter_misc":{"Gesch\u00e4tzte Lesezeit":"5\u00a0Minuten"},"schema":{"@context":"https:\/\/schema.org","@graph":[{"@type":"WebPage","@id":"https:\/\/restaurants.pizzahut.lu\/de\/datenschutzrichtlinie\/","url":"https:\/\/restaurants.pizzahut.lu\/de\/datenschutzrichtlinie\/","name":"Datenschutzrichtlinie - Pizza Hut Luxembourg","isPartOf":{"@id":"https:\/\/restaurants.pizzahut.lu\/de\/#website"},"datePublished":"2025-03-27T07:45:14+00:00","dateModified":"2025-03-27T14:47:43+00:00","breadcrumb":{"@id":"https:\/\/restaurants.pizzahut.lu\/de\/datenschutzrichtlinie\/#breadcrumb"},"inLanguage":"de","potentialAction":[{"@type":"ReadAction","target":["https:\/\/restaurants.pizzahut.lu\/de\/datenschutzrichtlinie\/"]}]},{"@type":"BreadcrumbList","@id":"https:\/\/restaurants.pizzahut.lu\/de\/datenschutzrichtlinie\/#breadcrumb","itemListElement":[{"@type":"ListItem","position":1,"name":"Accueil","item":"https:\/\/restaurants.pizzahut.lu\/de\/"},{"@type":"ListItem","position":2,"name":"Datenschutzrichtlinie"}]},{"@type":"WebSite","@id":"https:\/\/restaurants.pizzahut.lu\/de\/#website","url":"https:\/\/restaurants.pizzahut.lu\/de\/","name":"Pizza Hut Luxembourg","description":"No One Outpizzas the Hut","publisher":{"@id":"https:\/\/restaurants.pizzahut.lu\/de\/#organization"},"potentialAction":[{"@type":"SearchAction","target":{"@type":"EntryPoint","urlTemplate":"https:\/\/restaurants.pizzahut.lu\/de\/?s={search_term_string}"},"query-input":{"@type":"PropertyValueSpecification","valueRequired":true,"valueName":"search_term_string"}}],"inLanguage":"de"},{"@type":"Organization","@id":"https:\/\/restaurants.pizzahut.lu\/de\/#organization","name":"Pizza Hut Luxembourg","url":"https:\/\/restaurants.pizzahut.lu\/de\/","logo":{"@type":"ImageObject","inLanguage":"de","@id":"https:\/\/restaurants.pizzahut.lu\/de\/#\/schema\/logo\/image\/","url":"https:\/\/restaurants.pizzahut.lu\/wp-content\/uploads\/2024\/08\/Pizza-Hut-Logo-Secondary-Dark.png","contentUrl":"https:\/\/restaurants.pizzahut.lu\/wp-content\/uploads\/2024\/08\/Pizza-Hut-Logo-Secondary-Dark.png","width":650,"height":175,"caption":"Pizza Hut Luxembourg"},"image":{"@id":"https:\/\/restaurants.pizzahut.lu\/de\/#\/schema\/logo\/image\/"},"sameAs":["https:\/\/www.facebook.com\/pizzahut.lu","https:\/\/www.instagram.com\/pizzahut.lu"]}]}},"_links":{"self":[{"href":"https:\/\/restaurants.pizzahut.lu\/de\/wp-json\/wp\/v2\/pages\/8375","targetHints":{"allow":["GET"]}}],"collection":[{"href":"https:\/\/restaurants.pizzahut.lu\/de\/wp-json\/wp\/v2\/pages"}],"about":[{"href":"https:\/\/restaurants.pizzahut.lu\/de\/wp-json\/wp\/v2\/types\/page"}],"author":[{"embeddable":true,"href":"https:\/\/restaurants.pizzahut.lu\/de\/wp-json\/wp\/v2\/users\/2"}],"replies":[{"embeddable":true,"href":"https:\/\/restaurants.pizzahut.lu\/de\/wp-json\/wp\/v2\/comments?post=8375"}],"version-history":[{"count":2,"href":"https:\/\/restaurants.pizzahut.lu\/de\/wp-json\/wp\/v2\/pages\/8375\/revisions"}],"predecessor-version":[{"id":8398,"href":"https:\/\/restaurants.pizzahut.lu\/de\/wp-json\/wp\/v2\/pages\/8375\/revisions\/8398"}],"wp:attachment":[{"href":"https:\/\/restaurants.pizzahut.lu\/de\/wp-json\/wp\/v2\/media?parent=8375"}],"curies":[{"name":"wp","href":"https:\/\/api.w.org\/{rel}","templated":true}]}}